{"id":81,"date":"2025-02-27T15:41:21","date_gmt":"2025-02-27T14:41:21","guid":{"rendered":"https:\/\/repleo.se\/?post_type=product&#038;p=81"},"modified":"2025-02-27T15:42:01","modified_gmt":"2025-02-27T14:42:01","slug":"skol-foreningspaket-bolley","status":"publish","type":"product","link":"https:\/\/repleo.se\/index.php\/produkt\/skol-foreningspaket-bolley\/","title":{"rendered":"Skol &#038; f\u00f6reningspaket: Bolley"},"content":{"rendered":"","protected":false},"excerpt":{"rendered":"<p><strong>Obs!<\/strong> 241218: TILLF\u00c4LLIGT SLUT I LAGER! Skriv g\u00e4rna ett intressemejl s\u00e5 \u00e5terkommer vi n\u00e4r produkten finns i lager igen!<\/p>\n<p><strong>Mejl:<\/strong> info@ggsmile.com<\/p>\n<p><span style=\"color: #000000;\"><span style=\"font-family: Arial, serif;\">Paketet inneh\u00e5ller: 6st. Bolley, 6st. Attach Bolley &amp; Swing Ping Pong,<br \/>\n6st. extra f\u00f6rlimmade kardborref\u00e4sten, 2st. reservlinor.<\/span><\/span><\/p>\n","protected":false},"featured_media":92,"template":"","meta":[],"product_brand":[],"product_cat":[18],"product_tag":[],"class_list":{"0":"post-81","1":"product","2":"type-product","3":"status-publish","4":"has-post-thumbnail","6":"product_cat-bolley","7":"product_shipping_class-fast-pris-foreningspaket-bolley","9":"first","10":"onbackorder","11":"taxable","12":"shipping-taxable","13":"purchasable","14":"product-type-simple"},"jetpack_sharing_enabled":true,"_links":{"self":[{"href":"https:\/\/repleo.se\/index.php\/wp-json\/wp\/v2\/product\/81","targetHints":{"allow":["GET"]}}],"collection":[{"href":"https:\/\/repleo.se\/index.php\/wp-json\/wp\/v2\/product"}],"about":[{"href":"https:\/\/repleo.se\/index.php\/wp-json\/wp\/v2\/types\/product"}],"wp:featuredmedia":[{"embeddable":true,"href":"https:\/\/repleo.se\/index.php\/wp-json\/wp\/v2\/media\/92"}],"wp:attachment":[{"href":"https:\/\/repleo.se\/index.php\/wp-json\/wp\/v2\/media?parent=81"}],"wp:term":[{"taxonomy":"product_brand","embeddable":true,"href":"https:\/\/repleo.se\/index.php\/wp-json\/wp\/v2\/product_brand?post=81"},{"taxonomy":"product_cat","embeddable":true,"href":"https:\/\/repleo.se\/index.php\/wp-json\/wp\/v2\/product_cat?post=81"},{"taxonomy":"product_tag","embeddable":true,"href":"https:\/\/repleo.se\/index.php\/wp-json\/wp\/v2\/product_tag?post=81"}],"curies":[{"name":"wp","href":"https:\/\/api.w.org\/{rel}","templated":true}]}}