{"id":78,"date":"2025-02-27T15:41:21","date_gmt":"2025-02-27T14:41:21","guid":{"rendered":"https:\/\/repleo.se\/?post_type=product&#038;p=78"},"modified":"2025-06-02T13:04:06","modified_gmt":"2025-06-02T12:04:06","slug":"foreningspaket-swing-ping-pong","status":"publish","type":"product","link":"https:\/\/repleo.se\/index.php\/produkt\/foreningspaket-swing-ping-pong\/","title":{"rendered":"F\u00f6reningspaket: Swing Ping Pong"},"content":{"rendered":"","protected":false},"excerpt":{"rendered":"<p>&nbsp;<\/p>\n<p><strong>Obs! 241218: TILLF\u00c4LLIGT SLUT I LAGER! Skriv g\u00e4rna ett intressemejl s\u00e5 \u00e5terkommer vi n\u00e4r produkten finns i lager igen! <\/strong><\/p>\n<p><strong>Mejl: info@ggsmile.com<\/strong><\/p>\n<p>Paketet inneh\u00e5ller: 6st. Swing Ping Pong, 12st. pingisracketar,<br \/>\n12st. pingisbollar, 6st. Attach Bolley &amp; Swing Ping Pong,<br \/>\n12st. extra f\u00f6rlimmade kardborref\u00e4sten och 3st. f\u00f6rborrade reserv bollar.<\/p>\n","protected":false},"featured_media":89,"template":"","meta":[],"product_brand":[],"product_cat":[21],"product_tag":[],"class_list":{"0":"post-78","1":"product","2":"type-product","3":"status-publish","4":"has-post-thumbnail","6":"product_cat-swing-ping-pong","7":"product_shipping_class-fast-pris-foreningspaket-swing-ping-pong","9":"first","10":"onbackorder","11":"taxable","12":"shipping-taxable","13":"purchasable","14":"product-type-simple"},"jetpack_sharing_enabled":true,"_links":{"self":[{"href":"https:\/\/repleo.se\/index.php\/wp-json\/wp\/v2\/product\/78","targetHints":{"allow":["GET"]}}],"collection":[{"href":"https:\/\/repleo.se\/index.php\/wp-json\/wp\/v2\/product"}],"about":[{"href":"https:\/\/repleo.se\/index.php\/wp-json\/wp\/v2\/types\/product"}],"wp:featuredmedia":[{"embeddable":true,"href":"https:\/\/repleo.se\/index.php\/wp-json\/wp\/v2\/media\/89"}],"wp:attachment":[{"href":"https:\/\/repleo.se\/index.php\/wp-json\/wp\/v2\/media?parent=78"}],"wp:term":[{"taxonomy":"product_brand","embeddable":true,"href":"https:\/\/repleo.se\/index.php\/wp-json\/wp\/v2\/product_brand?post=78"},{"taxonomy":"product_cat","embeddable":true,"href":"https:\/\/repleo.se\/index.php\/wp-json\/wp\/v2\/product_cat?post=78"},{"taxonomy":"product_tag","embeddable":true,"href":"https:\/\/repleo.se\/index.php\/wp-json\/wp\/v2\/product_tag?post=78"}],"curies":[{"name":"wp","href":"https:\/\/api.w.org\/{rel}","templated":true}]}}