{"id":75,"date":"2025-02-27T15:41:20","date_gmt":"2025-02-27T14:41:20","guid":{"rendered":"https:\/\/repleo.se\/?post_type=product&#038;p=75"},"modified":"2025-05-27T07:40:00","modified_gmt":"2025-05-27T06:40:00","slug":"pingisbollar-6st-yasaka","status":"publish","type":"product","link":"https:\/\/repleo.se\/index.php\/produkt\/pingisbollar-6st-yasaka\/","title":{"rendered":"Pingisbollar 6st. Yasaka"},"content":{"rendered":"","protected":false},"excerpt":{"rendered":"<p><strong>Obs!<\/strong> 241218: TILLF\u00c4LLIGT SLUT I LAGER! Skriv g\u00e4rna ett intressemejl s\u00e5 \u00e5terkommer vi n\u00e4r produkten finns i lager igen!<\/p>\n<p><strong>Mejl:<\/strong> info@ggsmile<\/p>\n","protected":false},"featured_media":86,"template":"","meta":[],"product_brand":[],"product_cat":[21],"product_tag":[],"class_list":{"0":"post-75","1":"product","2":"type-product","3":"status-publish","4":"has-post-thumbnail","6":"product_cat-swing-ping-pong","7":"product_shipping_class-fast-pris-pingisbollar-6st","9":"first","10":"instock","11":"taxable","12":"shipping-taxable","13":"purchasable","14":"product-type-simple"},"jetpack_sharing_enabled":true,"_links":{"self":[{"href":"https:\/\/repleo.se\/index.php\/wp-json\/wp\/v2\/product\/75","targetHints":{"allow":["GET"]}}],"collection":[{"href":"https:\/\/repleo.se\/index.php\/wp-json\/wp\/v2\/product"}],"about":[{"href":"https:\/\/repleo.se\/index.php\/wp-json\/wp\/v2\/types\/product"}],"wp:featuredmedia":[{"embeddable":true,"href":"https:\/\/repleo.se\/index.php\/wp-json\/wp\/v2\/media\/86"}],"wp:attachment":[{"href":"https:\/\/repleo.se\/index.php\/wp-json\/wp\/v2\/media?parent=75"}],"wp:term":[{"taxonomy":"product_brand","embeddable":true,"href":"https:\/\/repleo.se\/index.php\/wp-json\/wp\/v2\/product_brand?post=75"},{"taxonomy":"product_cat","embeddable":true,"href":"https:\/\/repleo.se\/index.php\/wp-json\/wp\/v2\/product_cat?post=75"},{"taxonomy":"product_tag","embeddable":true,"href":"https:\/\/repleo.se\/index.php\/wp-json\/wp\/v2\/product_tag?post=75"}],"curies":[{"name":"wp","href":"https:\/\/api.w.org\/{rel}","templated":true}]}}