{"id":74,"date":"2025-02-27T15:41:20","date_gmt":"2025-02-27T14:41:20","guid":{"rendered":"https:\/\/repleo.se\/?post_type=product&#038;p=74"},"modified":"2025-02-27T15:41:28","modified_gmt":"2025-02-27T14:41:28","slug":"pingisracket-yasaka-star","status":"publish","type":"product","link":"https:\/\/repleo.se\/index.php\/produkt\/pingisracket-yasaka-star\/","title":{"rendered":"Pingisracket Yasaka Star"},"content":{"rendered":"","protected":false},"excerpt":{"rendered":"<p><strong>Obs!<\/strong> 241218: TILLF\u00c4LLIGT SLUT I LAGER! Skriv g\u00e4rna ett intressemejl s\u00e5 \u00e5terkommer vi n\u00e4r produkten finns i lager igen!<\/p>\n<p><strong>Mejl:<\/strong> info@ggsmile.com<\/p>\n","protected":false},"featured_media":85,"template":"","meta":[],"product_brand":[],"product_cat":[21],"product_tag":[],"class_list":{"0":"post-74","1":"product","2":"type-product","3":"status-publish","4":"has-post-thumbnail","6":"product_cat-swing-ping-pong","7":"product_shipping_class-fast-pris-pingisracket","9":"first","10":"onbackorder","11":"taxable","12":"shipping-taxable","13":"purchasable","14":"product-type-simple"},"jetpack_sharing_enabled":true,"_links":{"self":[{"href":"https:\/\/repleo.se\/index.php\/wp-json\/wp\/v2\/product\/74","targetHints":{"allow":["GET"]}}],"collection":[{"href":"https:\/\/repleo.se\/index.php\/wp-json\/wp\/v2\/product"}],"about":[{"href":"https:\/\/repleo.se\/index.php\/wp-json\/wp\/v2\/types\/product"}],"wp:featuredmedia":[{"embeddable":true,"href":"https:\/\/repleo.se\/index.php\/wp-json\/wp\/v2\/media\/85"}],"wp:attachment":[{"href":"https:\/\/repleo.se\/index.php\/wp-json\/wp\/v2\/media?parent=74"}],"wp:term":[{"taxonomy":"product_brand","embeddable":true,"href":"https:\/\/repleo.se\/index.php\/wp-json\/wp\/v2\/product_brand?post=74"},{"taxonomy":"product_cat","embeddable":true,"href":"https:\/\/repleo.se\/index.php\/wp-json\/wp\/v2\/product_cat?post=74"},{"taxonomy":"product_tag","embeddable":true,"href":"https:\/\/repleo.se\/index.php\/wp-json\/wp\/v2\/product_tag?post=74"}],"curies":[{"name":"wp","href":"https:\/\/api.w.org\/{rel}","templated":true}]}}