{"id":72,"date":"2025-02-27T15:41:20","date_gmt":"2025-02-27T14:41:20","guid":{"rendered":"https:\/\/repleo.se\/?post_type=product&#038;p=72"},"modified":"2025-10-23T18:19:23","modified_gmt":"2025-10-23T17:19:23","slug":"swing-ping-pong","status":"publish","type":"product","link":"https:\/\/repleo.se\/index.php\/produkt\/swing-ping-pong\/","title":{"rendered":"Swing Ping Pong"},"content":{"rendered":"<p><span style=\"color: #404040;\"><span style=\"font-size: medium;\"><b><span style=\"color: #ff9900;\">ALLA KAN VARA MED<\/span><br \/>\n<\/b><\/span><\/span><span style=\"color: #000000;\"><span style=\"color: #404040;\"><span style=\"font-size: medium;\">Swing Ping Pong \u00e4r en svensk innovation med en pingisboll som pendlar tillbaka.<br \/>\n<\/span><\/span><\/span><span style=\"color: #000000;\"><span style=\"color: #404040;\"><span style=\"font-size: medium;\">Man tr\u00e4nar i sin egen takt och efter sina egna f\u00f6ruts\u00e4ttningar.<\/span><\/span><\/span><\/p>\n<p><img loading=\"lazy\" decoding=\"async\" class=\"alignnone wp-image-265\" src=\"https:\/\/www.ggsmile.com\/wp-content\/uploads\/2019\/01\/swing1-300x255.jpg\" alt=\"\" width=\"279\" height=\"238\" \/><\/p>\n<p><span style=\"color: #000000;\"><span style=\"color: #404040;\"><span style=\"font-size: medium;\"><b><span style=\"color: #f99b1c;\">F\u00d6R VEM<\/span><br \/>\n<\/b><\/span><\/span><\/span><span style=\"color: #000000;\"><span style=\"color: #404040;\"><span style=\"font-size: medium;\">Swing Ping Pong \u00e4r roligt och utvecklande f\u00f6r <\/span><\/span><span style=\"color: #404040;\"><span style=\"font-size: medium;\"><b>barn <\/b><\/span><\/span><span style=\"color: #404040;\"><span style=\"font-size: medium;\">med och utan funktionsneds\u00e4ttning,<\/span><\/span><b> <\/b><\/span><span style=\"color: #000000;\"><span style=\"color: #404040;\"><span style=\"font-size: medium;\">personer under<\/span><\/span><span style=\"color: #404040;\"><span style=\"font-size: medium;\"><b> rehabilitering <\/b><\/span><\/span><span style=\"color: #404040;\"><span style=\"font-size: medium;\">efter t.ex. stroke och som r\u00f6relsetr\u00e4ning och minnesv\u00e4ckare f\u00f6r<\/span><\/span><span style=\"color: #404040;\"><span style=\"font-size: medium;\"><b> \u00e4ldre <\/b><\/span><\/span><span style=\"color: #404040;\"><span style=\"font-size: medium;\">och<\/span><\/span><span style=\"color: #404040;\"><span style=\"font-size: medium;\"><b> dementa.<\/b><\/span><\/span><\/span><\/p>\n<p><img loading=\"lazy\" decoding=\"async\" class=\"alignnone wp-image-268\" src=\"https:\/\/www.ggsmile.com\/wp-content\/uploads\/2019\/01\/swing4-169x300.jpg\" alt=\"\" width=\"144\" height=\"256\" \/>\u00a0\u00a0<img loading=\"lazy\" decoding=\"async\" class=\"alignnone wp-image-269\" src=\"https:\/\/www.ggsmile.com\/wp-content\/uploads\/2019\/01\/swing5-161x300.jpg\" alt=\"\" width=\"137\" height=\"255\" \/><\/p>\n<p><span style=\"color: #000000;\"><span style=\"color: #404040;\"><span style=\"font-size: medium;\"><b><span style=\"color: #ff9900;\">REPETITIV<\/span><br \/>\n<\/b><\/span><\/span><\/span><span style=\"color: #000000;\"><span style=\"color: #404040;\"><span style=\"font-size: medium;\">Den repetitiva tr\u00e4ningen med Swing Ping Pong g\u00f6r det enkelt och roligt att \u00f6va koordination, motorik, balans, reaktion och koncentration!<\/span><\/span><\/span><\/p>\n<p><span style=\"color: #000000;\"><span style=\"color: #404040;\"><span style=\"font-size: medium;\"><b><span style=\"color: #ff9900;\">VAR<\/span><br \/>\n<\/b><\/span><\/span><\/span><span style=\"color: #000000;\"><span style=\"color: #404040;\"><span style=\"font-size: medium;\">Swing Ping Pong finns alltid tillg\u00e4nglig som en rolig \u201dtr\u00e4ningskompis\u201d och \u00e4r perfekt att anv\u00e4nda b\u00e5de hemma, i f\u00f6reningen, skolan, f\u00f6rskolan, p\u00e5 fritids, \u00e4ldreboendet, dagcentret, rehabiliteringen, habiliteringen och i lekterapin p\u00e5 sjukhus.<\/span><\/span><\/span><\/p>\n<p><span style=\"color: #000000;\"><span style=\"color: #404040;\"><span style=\"font-size: medium;\"><b><span style=\"color: #ff9900;\">S\u00c4TT UPP<\/span><br \/>\n<\/b><\/span><\/span><\/span><span style=\"color: #000000;\"><span style=\"color: #404040;\"><span style=\"font-size: medium;\">Swing Ping Pong \u00e4r l\u00e4tt att s\u00e4tta upp och enkel att anv\u00e4nda!<br \/>\n<\/span><\/span><\/span><span style=\"font-size: medium; color: #404040;\">F\u00e4st med kardborren i d\u00f6rrkarm, tak, under en bom, ribba eller rid\u00e5v\u00e4gg.<\/span><\/p>\n<p><img loading=\"lazy\" decoding=\"async\" class=\"alignnone wp-image-266\" src=\"https:\/\/www.ggsmile.com\/wp-content\/uploads\/2019\/01\/swing2-300x294.jpg\" alt=\"\" width=\"276\" height=\"270\" \/><\/p>\n<p><span style=\"color: #ff9900;\"><a style=\"color: #ff9900;\" name=\"_Hlk535004128\"><\/a> <\/span><span style=\"color: #000000;\"><span style=\"color: #ff9900;\"><span style=\"font-size: medium;\"><b>ATTACH STRAP<\/b><\/span><\/span><br \/>\n<\/span><span style=\"color: #000000;\"><span style=\"color: #404040;\"><span style=\"font-size: medium;\">Anv\u00e4nd ett <\/span><\/span><span style=\"color: #404040;\"><span style=\"font-size: medium;\"><i>Attach Bolley &amp; Swing Ping Pong band<\/i><\/span><\/span><span style=\"color: #404040;\"><span style=\"font-size: medium;\"> f\u00f6r snabb och enkel p\u00e5s\u00e4ttning\/avtagning runt gymnastikbom, ribba eller tr\u00e4dgren. Best\u00e4lls separat i shopen.<\/span><\/span><\/span><\/p>\n<p><img loading=\"lazy\" decoding=\"async\" class=\"alignnone wp-image-267\" src=\"https:\/\/www.ggsmile.com\/wp-content\/uploads\/2019\/01\/swing3-205x300.jpg\" alt=\"\" width=\"268\" height=\"392\" \/><\/p>\n<p><span style=\"color: #000000;\"><span style=\"color: #404040;\"><span style=\"font-size: medium;\"><b><span style=\"color: #ff9900;\">B\u00d6RJA S\u00c5 H\u00c4R<\/span><br \/>\n<\/b><\/span><\/span><\/span><span style=\"color: #000000;\"><span style=\"color: #404040;\"><span style=\"font-size: medium;\">Dra ner pingisbollen till navelh\u00f6jd och inled med att h\u00e5lla pingisracketen mot magen &#8211; \u201dbackhandslag\u201d &#8211; och sl\u00e5 f\u00f6rsiktigt mot bollen. Prova olika slag och h\u00f6jder. Kan ni r\u00e4kna tr\u00e4ffarna tillsammans? Testa att sl\u00e5 med andra handen! H\u00f6j bollen till \u00f6gonh\u00f6jd f\u00f6r att tr\u00e4na andra muskler. Hur l\u00e5ter det om man byter ut pingisracket mot fj\u00e4rrkontrollen eller en gryta? <\/span><\/span><\/span><\/p>\n<p><span style=\"color: #000000;\"><span style=\"color: #404040;\"><span style=\"font-size: medium;\">Obs! Snurra ratten<\/span><\/span><span style=\"color: #404040;\"><span style=\"font-size: medium;\"><i> medsols<\/i><\/span><\/span><span style=\"color: #404040;\"><span style=\"font-size: medium;\"> f\u00f6r att veva in linan\/bollen.<\/span><\/span><\/span><\/p>\n<p><span style=\"color: #ff9900;\"><a style=\"color: #ff9900;\" name=\"_GoBack\"><\/a> <\/span><span style=\"color: #000000;\"><span style=\"color: #404040;\"><span style=\"font-size: medium;\"><b><span style=\"color: #ff9900;\">VISA<\/span><br \/>\n<\/b><\/span><\/span><\/span><span style=\"font-size: medium; color: #404040;\">Det \u00e4r enkelt f\u00f6r tr\u00e4nare, sjukgymnast, l\u00e4rare eller f\u00f6r\u00e4lder att st\u00e5 bakom och hj\u00e4lpa till med slag och r\u00f6relser i b\u00f6rjan.<\/span><\/p>\n<p><span style=\"color: #404040;\"><span style=\"font-size: medium;\"><b><span style=\"color: #333399;\">FAKTA<\/span><br \/>\n<\/b><\/span><\/span><span style=\"color: #404040;\"><span style=\"font-size: medium;\">Linan \u00e4r ca.230 cm.<br \/>\n<\/span><\/span><span style=\"color: #404040;\"><span style=\"font-size: medium;\">Bollen \u00e4r utbytbar.<br \/>\n<\/span><\/span><span style=\"color: #404040;\"><span style=\"font-size: medium;\">Tv\u00e5 f\u00f6rlimmade kardborref\u00e4sten medf\u00f6ljer i varje f\u00f6rpackning.<\/span><\/span><\/p>\n<p><span style=\"color: #404040;\"><span style=\"font-size: medium;\"><b><span style=\"color: #ff9900;\">\u00d6VNINGAR OCH INSPIRATION<\/span><br \/>\n<\/b><\/span><\/span><span style=\"font-size: medium; color: #404040;\">\u00d6vningarna kan g\u00f6ras v\u00e4ldigt enkla och utvecklas efter hand.<br \/>\n<\/span><span style=\"color: #404040;\"><span style=\"font-size: medium;\">P\u00e5 hemsidan kan du laddan ner \u00f6vningar &amp; inspiration och produktinformation i pdf.<\/span><\/span><\/p>\n<p><span style=\"color: #000000;\"><span style=\"color: #404040;\"><span style=\"font-size: medium;\"><b><span style=\"color: #ff9900;\">FORSKNING<\/span><br \/>\n<\/b><\/span><\/span><\/span><span style=\"color: #000000;\"><span style=\"color: #404040;\"><span style=\"font-size: medium;\">Forskningsstudie av H\u00f6gskolan i Halmstad: \u201dSwing Ping Pong \u00e4r ett kreativt och<br \/>\n<\/span><\/span><\/span><span style=\"color: #000000;\"><span style=\"color: #404040;\"><span style=\"font-size: medium;\">l\u00e4ttillg\u00e4ngligt s\u00e4tt att ge barn och ungdomar motorisk tr\u00e4ning och livsgl\u00e4dje\u201d.<\/span><\/span><\/span><\/p>\n<p><span style=\"color: #404040;\"><span style=\"font-size: medium;\"><b><span style=\"color: #ff9900;\">OBS!<\/span><br \/>\n<\/b><\/span><\/span><span style=\"color: #404040;\"><span style=\"font-size: medium;\">Produkten rekommenderas fr\u00e5n tre \u00e5r.<br \/>\n<\/span><\/span><span style=\"color: #404040;\"><span style=\"font-size: medium;\">L\u00e4mna aldrig sm\u00e5 barn och djur ensamma med l\u00e5nga linor.<\/span><\/span><\/p>\n<p><span style=\"color: #404040;\"><span style=\"font-size: medium;\"><b><span style=\"color: #ff9900;\">SKYDD<\/span><br \/>\n<\/b><\/span><\/span><span style=\"color: #404040;\"><span style=\"font-size: medium;\">Swing Ping Pong \u00e4r en patenterad, designskyddad och varum\u00e4rkesskyddad produkt.<br \/>\n<\/span><\/span><span style=\"color: #404040;\"><span style=\"font-size: medium;\">Tillverkas i Sverige av Repleo.<\/span><\/span><\/p>\n","protected":false},"excerpt":{"rendered":"<p>ALLA KAN VARA MED Swing Ping Pong \u00e4r en svensk innovation med en pingisboll som pendlar tillbaka. Man tr\u00e4nar i sin egen takt och efter sina egna f\u00f6ruts\u00e4ttningar. F\u00d6R VEM Swing Ping Pong \u00e4r roligt och utvecklande f\u00f6r barn med och utan funktionsneds\u00e4ttning, personer under rehabilitering efter t.ex. stroke och som r\u00f6relsetr\u00e4ning och minnesv\u00e4ckare f\u00f6r [&hellip;]<\/p>\n","protected":false},"featured_media":83,"template":"","meta":[],"product_brand":[],"product_cat":[21,19],"product_tag":[],"class_list":{"0":"post-72","1":"product","2":"type-product","3":"status-publish","4":"has-post-thumbnail","6":"product_cat-swing-ping-pong","7":"product_cat-traningsprodukt","8":"product_shipping_class-fast-pris-swing-ping-pong","10":"first","11":"instock","12":"taxable","13":"shipping-taxable","14":"purchasable","15":"product-type-simple"},"jetpack_sharing_enabled":true,"_links":{"self":[{"href":"https:\/\/repleo.se\/index.php\/wp-json\/wp\/v2\/product\/72","targetHints":{"allow":["GET"]}}],"collection":[{"href":"https:\/\/repleo.se\/index.php\/wp-json\/wp\/v2\/product"}],"about":[{"href":"https:\/\/repleo.se\/index.php\/wp-json\/wp\/v2\/types\/product"}],"wp:featuredmedia":[{"embeddable":true,"href":"https:\/\/repleo.se\/index.php\/wp-json\/wp\/v2\/media\/83"}],"wp:attachment":[{"href":"https:\/\/repleo.se\/index.php\/wp-json\/wp\/v2\/media?parent=72"}],"wp:term":[{"taxonomy":"product_brand","embeddable":true,"href":"https:\/\/repleo.se\/index.php\/wp-json\/wp\/v2\/product_brand?post=72"},{"taxonomy":"product_cat","embeddable":true,"href":"https:\/\/repleo.se\/index.php\/wp-json\/wp\/v2\/product_cat?post=72"},{"taxonomy":"product_tag","embeddable":true,"href":"https:\/\/repleo.se\/index.php\/wp-json\/wp\/v2\/product_tag?post=72"}],"curies":[{"name":"wp","href":"https:\/\/api.w.org\/{rel}","templated":true}]}}