{"id":71,"date":"2025-02-27T15:41:19","date_gmt":"2025-02-27T14:41:19","guid":{"rendered":"https:\/\/repleo.se\/?post_type=product&#038;p=71"},"modified":"2025-10-23T18:18:00","modified_gmt":"2025-10-23T17:18:00","slug":"bolley","status":"publish","type":"product","link":"https:\/\/repleo.se\/index.php\/produkt\/bolley\/","title":{"rendered":"Bolley"},"content":{"rendered":"<p><span style=\"font-size: medium; color: #ff9900;\"><b>R\u00d6RELSEGL\u00c4DJE N\u00c4R DEN \u00c4R SOM B\u00c4ST!\u00a0\u00a0<\/b><\/span><span style=\"font-size: medium; color: #282828;\">Bollen kommer tillbaka framf\u00f6r dig och du kan tr\u00e4na utifr\u00e5n dina f\u00f6ruts\u00e4ttningar. <\/span><\/p>\n<p><span style=\"color: #282828;\"><span style=\"font-size: medium;\"><b><span style=\"color: #ff9900;\">TR\u00c4NA MED INSLAG AV:<\/span>\u00a0\u00a0<\/b><\/span><\/span><span style=\"color: #282828;\"><span style=\"font-size: medium;\">Fotboll &#8211; Handboll &#8211; Basket &#8211; Volleyboll &#8211; Boxning<\/span><\/span><\/p>\n<p><span style=\"color: #ff9900;\"><span style=\"font-size: medium;\"><b>F\u00c4ST INNE &amp; UTOMHUS:\u00a0 <\/b><\/span><\/span><span style=\"color: #282828;\"><span style=\"font-size: medium;\">D\u00f6rrkarm &#8211; Tak &#8211; Rid\u00e5v\u00e4gg &#8211; Bom &#8211; Ribba &#8211; Gren<\/span><\/span><\/p>\n<p><span style=\"color: #282828;\"><img loading=\"lazy\" decoding=\"async\" class=\"alignnone size-medium wp-image-149\" src=\"https:\/\/www.ggsmile.com\/wp-content\/uploads\/2019\/01\/idrottshall-300x170.jpg\" alt=\"\" width=\"300\" height=\"170\" \/>\u00a0<\/span><\/p>\n<p><span style=\"font-size: medium; color: #000080;\"><b>YOUTUBE:<\/b><\/span><\/p>\n<p><span style=\"color: #282828;\"><span style=\"font-size: medium; color: #000080;\"><b>S\u00e5 h\u00e4r fungerar Bolley:<\/b><\/span> <a style=\"color: #282828;\" href=\"https:\/\/youtu.be\/p4dtcs7vfJU\"><span style=\"font-size: medium;\">https:\/\/youtu.be\/p4dtcs7vfJU<\/span><\/a><\/span><\/p>\n<p><span style=\"color: #282828;\"><span style=\"font-size: medium; color: #000080;\"><b>Handbollstr\u00e4ning med Bolley:<\/b><\/span> <a style=\"color: #282828;\" href=\"https:\/\/youtu.be\/dKv9aIQtgSg\"><span style=\"font-size: medium;\"><u>https:\/\/youtu.be\/dKv9aIQtgSg<\/u><\/span><\/a><\/span><\/p>\n<p><span style=\"color: #282828;\"><span style=\"font-size: medium;\"><b><span style=\"color: #ff9900;\">UTVECKLANDE<\/span><br \/>\n<\/b><\/span><span style=\"font-size: medium;\">Med Bolley f\u00e5r du en lika <\/span><span style=\"font-size: medium;\"><b>rolig<\/b><\/span><span style=\"font-size: medium;\"> som<\/span><span style=\"font-size: medium;\"><b> utvecklande<\/b><\/span><span style=\"font-size: medium;\"> tr\u00e4ning och s<\/span><span style=\"font-size: medium;\">om ger mycket tid med bollen. <\/span><span style=\"font-size: medium;\"><b>Balansmuskulatur<\/b><\/span><span style=\"font-size: medium;\"> i b\u00e5l och h\u00f6fter f\u00e5r jobba och <\/span><span style=\"font-size: medium;\"><b>reaktionsf\u00f6rm\u00e5gan<\/b><\/span><span style=\"font-size: medium;\"> tr\u00e4nas. Genom fokuseringen p\u00e5 bollen blir detta dessutom ett roligt s\u00e4tt att tr\u00e4na <\/span><span style=\"font-size: medium;\"><b>koncentration.<\/b><\/span><\/span><\/p>\n<p><span style=\"color: #282828;\"><span style=\"font-size: medium;\"><b><span style=\"color: #ff9900;\">F\u00d6R VEM<\/span><br \/>\n<\/b><\/span><span style=\"font-size: medium;\">Bolley \u00e4r en fantastik tr\u00e4ningsaktivitet f\u00f6r <\/span><span style=\"font-size: medium;\"><b>barn <\/b><\/span><span style=\"font-size: medium;\">och <\/span><span style=\"font-size: medium;\"><b>ungdomar<\/b><\/span><span style=\"font-size: medium;\">,<\/span><b> <\/b><span style=\"font-size: medium;\">f\u00f6r personer under<\/span><span style=\"font-size: medium;\"><b> rehabilitering <\/b><\/span><span style=\"font-size: medium;\">efter t.ex. stroke och som r\u00f6relsetr\u00e4ning och minnesv\u00e4ckare f\u00f6r<\/span><span style=\"font-size: medium;\"><b> \u00e4ldre <\/b><\/span><span style=\"font-size: medium;\">och<\/span><span style=\"font-size: medium;\"><b> dementa.<\/b><\/span><\/span><\/p>\n<p><span style=\"color: #282828;\"><span style=\"font-size: medium; color: #000080;\"><b>Bolley p\u00e5 Paracportcenter: <\/b><\/span><a style=\"color: #282828;\" href=\"https:\/\/youtu.be\/CAAqv6bUDJg\"><span style=\"font-size: medium;\"><u>https:\/\/youtu.be\/CAAqv6bUDJg<\/u><\/span><\/a><\/span><\/p>\n<p><span style=\"color: #282828;\"><span style=\"font-size: medium; color: #000080;\"><b>Pojke 3 \u00e5r med Bolley! <\/b><\/span><a style=\"color: #282828;\" href=\"https:\/\/youtu.be\/xWwAmTSlyI0\"><span style=\"font-size: medium;\">https:\/\/youtu.be\/xWwAmTSlyI0<\/span><\/a><\/span><\/p>\n<p><span style=\"color: #282828;\"><span style=\"font-size: medium;\"><b><span style=\"color: #ff9900;\">VAR<\/span><br \/>\n<\/b><\/span><span style=\"font-size: medium;\">Anv\u00e4nd Bolley hemma, i f\u00f6reningen, skolan, p\u00e5 rehabiliteringen, habiliteringen, lekterapin, sjukhus, \u00e4ldreboenden och p\u00e5 dagcenter f\u00f6r dementa.<\/span><\/span><\/p>\n<p><span style=\"color: #282828;\"><img loading=\"lazy\" decoding=\"async\" class=\"alignnone wp-image-148\" src=\"https:\/\/www.ggsmile.com\/wp-content\/uploads\/2019\/01\/BOLLEY-i-d\u00f6rr\u00f6ppning-178x300.jpg\" alt=\"\" width=\"201\" height=\"339\" \/><\/span><\/p>\n<p><span style=\"color: #282828;\"><span style=\"font-size: medium; color: #ff9900;\"><b>S\u00c4TT UPP<\/b><\/span><span style=\"font-size: medium;\"><br \/>\nDu f\u00e4ster enkelt Bolley med kardborref\u00e4stet i d\u00f6rrkarm, tak, under en bom, ribba och rid\u00e5v\u00e4gg. Tv\u00e5 8 x 5cm f\u00f6rlimmade kardborref\u00e4sten medf\u00f6ljer till varje Bolley.<\/span><\/span><\/p>\n<p><span style=\"color: #282828;\"><span style=\"font-size: medium; color: #ff9900;\"><b>ATTACH STRAP<\/b><\/span><br \/>\n<span style=\"font-size: medium;\">Anv\u00e4nd ett <\/span><span style=\"font-size: medium;\"><i>Attach Bolley &amp; Swing Ping Pong band<\/i><\/span><span style=\"font-size: medium;\"> f\u00f6r snabb och enkel p\u00e5s\u00e4ttning\/avtagning runt gymnastikbom, ribba eller tr\u00e4dgren. Best\u00e4lls separat i shopen.<\/span><\/span><\/p>\n<p><span style=\"color: #282828;\"><img loading=\"lazy\" decoding=\"async\" class=\"alignnone wp-image-262\" src=\"https:\/\/www.ggsmile.com\/wp-content\/uploads\/2019\/01\/sgra2-167x300.png\" alt=\"\" width=\"144\" height=\"259\" \/> \u00a0<\/span><\/p>\n<p><span style=\"color: #282828;\"><span style=\"font-size: medium;\"><b><span style=\"color: #ff9900;\">B\u00d6RJA S\u00c5 H\u00c4R<\/span><br \/>\n<\/b><\/span><span style=\"font-size: medium;\">Snurra ut linan, som sitter runt den platta linrullen i kardborredelen, till \u00f6nskad l\u00e4ngd.<\/span><span style=\"font-size: medium;\"> Bolley ger m\u00f6jlighet att <\/span><span style=\"font-size: medium;\"><i><b>kasta, hysta, f\u00e5nga, passa, sparka p\u00e5 volley, studsa, boxa, puffa p\u00e5, serva och nicka<\/b><\/i><\/span><b> <\/b><span style=\"font-size: medium;\">&#8211; med en boll som inte g\u00f6r ont att f\u00e5 p\u00e5 sig. \u00d6vningarna kan g\u00f6ras p\u00e5 egen hand, men \u00e4ven tillsammans. Linans l\u00e4ngd regleras snabbt och l\u00e4tt! Det g\u00e5r bra att tr\u00e4na <\/span><span style=\"font-size: medium;\"><i><b>st\u00e5ende, sittande eller liggande<\/b><\/i><\/span><span style=\"font-size: medium;\">.<\/span><\/span><\/p>\n<p><span style=\"color: #282828;\"><span style=\"font-size: medium;\"><b><span style=\"color: #000080;\">FAKTA<\/span><br \/>\n<\/b><\/span><span style=\"font-size: medium;\">Bolley best\u00e5r av en smal, elastisk lina med tv\u00e5 kardborref\u00e4sten och en 16 cm i diameter mjuk skumboll med en avtorkbar yta.<br \/>\n<\/span><span style=\"font-size: medium;\">Linan \u00e4r outt\u00e4njd ca. 220 cm och justeras enkelt till olika l\u00e4ngder med linrullen.<\/span><\/span><\/p>\n<p><span style=\"color: #282828;\"><span style=\"font-size: medium;\"><b><span style=\"color: #ff9900;\">\u00d6VNINGAR OCH INSPIRATION<\/span><br \/>\n<\/b><\/span><span style=\"font-size: medium;\">\u00d6vningarna kan g\u00f6ras v\u00e4ldigt enkla och utvecklas efter hand.<br \/>\n<\/span><span style=\"font-size: medium;\">P\u00e5 hemsidan kan du laddan ner \u00f6vningar &amp; inspiration och produktinformation i pdf.<\/span><\/span><\/p>\n<p><span style=\"color: #282828;\"><span style=\"font-size: medium;\"><b><span style=\"color: #ff9900;\">OBS!<\/span><br \/>\n<\/b><\/span><span style=\"font-size: medium;\">Produkten rekommenderas fr\u00e5n tre \u00e5r.<br \/>\n<\/span><span style=\"font-size: medium;\">L\u00e4mna aldrig sm\u00e5 barn och djur ensamma med l\u00e5nga linor.<\/span><\/span><\/p>\n<p><span style=\"color: #282828;\"><span style=\"font-size: medium;\"><b><span style=\"color: #ff9900;\">SKYDD<\/span><br \/>\n<\/b><\/span><span style=\"font-size: medium;\">Bolley \u00e4r en patenteradprodukt.<br \/>\n<\/span><span style=\"font-size: medium;\">Tillverkas i Sverige av Repleo.<\/span><\/span><\/p>\n<p><span style=\"font-size: medium; color: #000080;\"><b>YOUTUBE:<\/b><\/span><\/p>\n<p><span style=\"color: #282828;\"><span style=\"font-size: medium; color: #000080;\"><b>S\u00e5 h\u00e4r fungerar Bolley:<\/b><\/span> <a style=\"color: #282828;\" href=\"https:\/\/youtu.be\/p4dtcs7vfJU\"><span style=\"font-size: medium;\">https:\/\/youtu.be\/p4dtcs7vfJU<\/span><\/a><\/span><\/p>\n<p><span style=\"color: #282828;\"><span style=\"font-size: medium; color: #000080;\"><b>Handbollstr\u00e4ning med Bolley:<\/b><\/span> <a style=\"color: #282828;\" href=\"https:\/\/youtu.be\/dKv9aIQtgSg\"><span style=\"font-size: medium;\"><u>https:\/\/youtu.be\/dKv9aIQtgSg<\/u><\/span><\/a><\/span><\/p>\n<p><span style=\"color: #282828;\"><span style=\"font-size: medium; color: #000080;\"><b>Pojke 3 \u00e5r med Bolley! <\/b><\/span><a style=\"color: #282828;\" href=\"https:\/\/youtu.be\/xWwAmTSlyI0\"><span style=\"font-size: medium;\">https:\/\/youtu.be\/xWwAmTSlyI0<\/span><\/a><\/span><\/p>\n<p><span style=\"color: #282828;\"><span style=\"font-size: medium; color: #000080;\"><b>Bolley p\u00e5 Paracportcenter: <\/b><\/span><a style=\"color: #282828;\" href=\"https:\/\/youtu.be\/CAAqv6bUDJg\"><span style=\"font-size: medium;\"><u>https:\/\/youtu.be\/CAAqv6bUDJg<\/u><\/span><\/a><\/span><\/p>\n<p><a name=\"_GoBack\"><\/a><\/p>\n","protected":false},"excerpt":{"rendered":"<p>&nbsp;<\/p>\n<p><strong>Mejl:<\/strong> info@repleo.se<\/p>\n","protected":false},"featured_media":107,"template":"","meta":[],"product_brand":[],"product_cat":[18,19],"product_tag":[],"class_list":{"0":"post-71","1":"product","2":"type-product","3":"status-publish","4":"has-post-thumbnail","6":"product_cat-bolley","7":"product_cat-traningsprodukt","8":"product_shipping_class-fast-pris-bolley","10":"first","11":"instock","12":"taxable","13":"shipping-taxable","14":"purchasable","15":"product-type-simple"},"jetpack_sharing_enabled":true,"_links":{"self":[{"href":"https:\/\/repleo.se\/index.php\/wp-json\/wp\/v2\/product\/71","targetHints":{"allow":["GET"]}}],"collection":[{"href":"https:\/\/repleo.se\/index.php\/wp-json\/wp\/v2\/product"}],"about":[{"href":"https:\/\/repleo.se\/index.php\/wp-json\/wp\/v2\/types\/product"}],"wp:featuredmedia":[{"embeddable":true,"href":"https:\/\/repleo.se\/index.php\/wp-json\/wp\/v2\/media\/107"}],"wp:attachment":[{"href":"https:\/\/repleo.se\/index.php\/wp-json\/wp\/v2\/media?parent=71"}],"wp:term":[{"taxonomy":"product_brand","embeddable":true,"href":"https:\/\/repleo.se\/index.php\/wp-json\/wp\/v2\/product_brand?post=71"},{"taxonomy":"product_cat","embeddable":true,"href":"https:\/\/repleo.se\/index.php\/wp-json\/wp\/v2\/product_cat?post=71"},{"taxonomy":"product_tag","embeddable":true,"href":"https:\/\/repleo.se\/index.php\/wp-json\/wp\/v2\/product_tag?post=71"}],"curies":[{"name":"wp","href":"https:\/\/api.w.org\/{rel}","templated":true}]}}