{"id":123,"date":"2025-05-26T19:59:04","date_gmt":"2025-05-26T18:59:04","guid":{"rendered":"https:\/\/repleo.se\/?post_type=product&#038;p=123"},"modified":"2025-10-23T18:21:35","modified_gmt":"2025-10-23T17:21:35","slug":"push-pong-one","status":"publish","type":"product","link":"https:\/\/repleo.se\/index.php\/produkt\/push-pong-one\/","title":{"rendered":"Push-Pong One"},"content":{"rendered":"<p>Push-Pong \u00e4r ett f\u00f6renklat s\u00e4tt att spela pingis. Utvecklat f\u00f6r yngre, \u00e4ldre och handikappade.<\/p>\n","protected":false},"excerpt":{"rendered":"<p>Push-Pong \u00e4r ett f\u00f6renklat s\u00e4tt att spela pingis. Utvecklat f\u00f6r yngre, \u00e4ldre och handikappade.<\/p>\n","protected":false},"featured_media":124,"template":"","meta":[],"product_brand":[],"product_cat":[19],"product_tag":[],"class_list":{"0":"post-123","1":"product","2":"type-product","3":"status-publish","4":"has-post-thumbnail","6":"product_cat-traningsprodukt","8":"first","9":"instock","10":"taxable","11":"shipping-taxable","12":"purchasable","13":"product-type-simple"},"jetpack_sharing_enabled":true,"_links":{"self":[{"href":"https:\/\/repleo.se\/index.php\/wp-json\/wp\/v2\/product\/123","targetHints":{"allow":["GET"]}}],"collection":[{"href":"https:\/\/repleo.se\/index.php\/wp-json\/wp\/v2\/product"}],"about":[{"href":"https:\/\/repleo.se\/index.php\/wp-json\/wp\/v2\/types\/product"}],"wp:featuredmedia":[{"embeddable":true,"href":"https:\/\/repleo.se\/index.php\/wp-json\/wp\/v2\/media\/124"}],"wp:attachment":[{"href":"https:\/\/repleo.se\/index.php\/wp-json\/wp\/v2\/media?parent=123"}],"wp:term":[{"taxonomy":"product_brand","embeddable":true,"href":"https:\/\/repleo.se\/index.php\/wp-json\/wp\/v2\/product_brand?post=123"},{"taxonomy":"product_cat","embeddable":true,"href":"https:\/\/repleo.se\/index.php\/wp-json\/wp\/v2\/product_cat?post=123"},{"taxonomy":"product_tag","embeddable":true,"href":"https:\/\/repleo.se\/index.php\/wp-json\/wp\/v2\/product_tag?post=123"}],"curies":[{"name":"wp","href":"https:\/\/api.w.org\/{rel}","templated":true}]}}