{"id":8,"date":"2025-01-26T19:24:56","date_gmt":"2025-01-26T18:24:56","guid":{"rendered":"https:\/\/repleo.se\/index.php\/varukorg\/"},"modified":"2025-05-26T20:04:40","modified_gmt":"2025-05-26T19:04:40","slug":"varukorg","status":"publish","type":"page","link":"https:\/\/repleo.se\/index.php\/varukorg\/","title":{"rendered":"Varukorg"},"content":{"rendered":"\n<div data-block-name=\"woocommerce\/cart\" class=\"wp-block-woocommerce-cart alignwide is-loading\">\n<div data-block-name=\"woocommerce\/filled-cart-block\" class=\"wp-block-woocommerce-filled-cart-block\">\n<div data-block-name=\"woocommerce\/cart-items-block\" class=\"wp-block-woocommerce-cart-items-block\">\n<div data-block-name=\"woocommerce\/cart-line-items-block\" class=\"wp-block-woocommerce-cart-line-items-block\"><\/div>\n\n\n\n<div data-block-name=\"woocommerce\/cart-cross-sells-block\" class=\"wp-block-woocommerce-cart-cross-sells-block\">\n<h2 class=\"wp-block-heading has-large-font-size\">Du kanske \u00e4r intresserad av \u2026<\/h2>\n\n\n\n<div data-block-name=\"woocommerce\/cart-cross-sells-products-block\" class=\"wp-block-woocommerce-cart-cross-sells-products-block\"><\/div>\n<\/div>\n<\/div>\n\n\n\n<div data-block-name=\"woocommerce\/cart-totals-block\" class=\"wp-block-woocommerce-cart-totals-block\">\n<div data-block-name=\"woocommerce\/cart-order-summary-block\" class=\"wp-block-woocommerce-cart-order-summary-block\">\n<div data-block-name=\"woocommerce\/cart-order-summary-heading-block\" class=\"wp-block-woocommerce-cart-order-summary-heading-block\"><\/div><div data-block-name=\"woocommerce\/cart-order-summary-coupon-form-block\" class=\"wp-block-woocommerce-cart-order-summary-coupon-form-block\"><\/div><div data-block-name=\"woocommerce\/cart-order-summary-totals-block\" class=\"wp-block-woocommerce-cart-order-summary-totals-block\">\n<div data-block-name=\"woocommerce\/cart-order-summary-subtotal-block\" class=\"wp-block-woocommerce-cart-order-summary-subtotal-block\"><\/div>\n<div data-block-name=\"woocommerce\/cart-order-summary-discount-block\" class=\"wp-block-woocommerce-cart-order-summary-discount-block\"><\/div>\n<div data-block-name=\"woocommerce\/cart-order-summary-fee-block\" class=\"wp-block-woocommerce-cart-order-summary-fee-block\"><\/div>\n<div data-block-name=\"woocommerce\/cart-order-summary-shipping-block\" class=\"wp-block-woocommerce-cart-order-summary-shipping-block\"><\/div>\n<div data-block-name=\"woocommerce\/cart-order-summary-taxes-block\" class=\"wp-block-woocommerce-cart-order-summary-taxes-block\"><\/div><\/div>\n<\/div>\n\n\n\n<div data-block-name=\"woocommerce\/cart-express-payment-block\" class=\"wp-block-woocommerce-cart-express-payment-block\"><\/div>\n\n\n\n<div data-block-name=\"woocommerce\/proceed-to-checkout-block\" class=\"wp-block-woocommerce-proceed-to-checkout-block\"><\/div>\n\n\n\n<div data-block-name=\"woocommerce\/cart-accepted-payment-methods-block\" class=\"wp-block-woocommerce-cart-accepted-payment-methods-block\"><\/div>\n<\/div>\n<\/div>\n\n\n\n<div data-block-name=\"woocommerce\/empty-cart-block\" class=\"wp-block-woocommerce-empty-cart-block\">\n<h2 class=\"wp-block-heading has-text-align-center with-empty-cart-icon wc-block-cart__empty-cart__title\">Din varukorg \u00e4r f\u00f6r n\u00e4rvarande tom!<\/h2>\n\n\n\n<hr class=\"wp-block-separator has-alpha-channel-opacity is-style-dots\"\/>\n\n\n\n<h2 class=\"wp-block-heading has-text-align-center\">Nytt i butik<\/h2>\n\n\n<div data-block-name=\"woocommerce\/product-new\" data-columns=\"4\" data-rows=\"1\" class=\"wc-block-grid wp-block-product-new wp-block-woocommerce-product-new wc-block-product-new has-4-columns\"><ul class=\"wc-block-grid__products\"><li class=\"wc-block-grid__product\">\n\t\t\t\t<a href=\"https:\/\/repleo.se\/index.php\/produkt\/push-pong-one\/\" class=\"wc-block-grid__product-link\">\n\t\t\t\t\t\n\t\t\t\t\t<div class=\"wc-block-grid__product-image\"><img loading=\"lazy\" decoding=\"async\" width=\"324\" height=\"324\" src=\"https:\/\/repleo.se\/wp-content\/uploads\/2025\/05\/20250526_204720-324x324.jpg\" class=\"attachment-woocommerce_thumbnail size-woocommerce_thumbnail\" alt=\"Push-Pong One\" srcset=\"https:\/\/repleo.se\/wp-content\/uploads\/2025\/05\/20250526_204720-324x324.jpg 324w, https:\/\/repleo.se\/wp-content\/uploads\/2025\/05\/20250526_204720-150x150.jpg 150w, https:\/\/repleo.se\/wp-content\/uploads\/2025\/05\/20250526_204720-100x100.jpg 100w\" sizes=\"auto, (max-width: 324px) 100vw, 324px\" \/><\/div>\n\t\t\t\t\t<div class=\"wc-block-grid__product-title\">Push-Pong One<\/div>\n\t\t\t\t<\/a>\n\t\t\t\t<div class=\"wc-block-grid__product-price price\"><span class=\"woocommerce-Price-amount amount\">256,00&nbsp;<span class=\"woocommerce-Price-currencySymbol\">&#107;&#114;<\/span><\/span><\/div>\n\t\t\t\t\n\t\t\t\t<div class=\"wp-block-button wc-block-grid__product-add-to-cart\"><a href=\"\/index.php\/wp-json\/wp\/v2\/pages\/8?add-to-cart=123\" aria-label=\"L\u00e4gg till i varukorgen: \u201dPush-Pong One\u201d\" data-quantity=\"1\" data-product_id=\"123\" data-product_sku=\"\" data-price=\"256\" rel=\"nofollow\" class=\"wp-block-button__link  add_to_cart_button ajax_add_to_cart\">L\u00e4gg till i varukorg<\/a><\/div>\n\t\t\t<\/li><li class=\"wc-block-grid__product\">\n\t\t\t\t<a href=\"https:\/\/repleo.se\/index.php\/produkt\/skol-foreningspaket-bolley\/\" class=\"wc-block-grid__product-link\">\n\t\t\t\t\t\n\t\t\t\t\t<div class=\"wc-block-grid__product-image\"><img loading=\"lazy\" decoding=\"async\" width=\"324\" height=\"324\" src=\"https:\/\/repleo.se\/wp-content\/uploads\/2025\/02\/Skol-och-foreningspaket-Bolley-scaled-1-324x324.jpg\" class=\"attachment-woocommerce_thumbnail size-woocommerce_thumbnail\" alt=\"Skol &amp; f\u00f6reningspaket: Bolley\" srcset=\"https:\/\/repleo.se\/wp-content\/uploads\/2025\/02\/Skol-och-foreningspaket-Bolley-scaled-1-324x324.jpg 324w, https:\/\/repleo.se\/wp-content\/uploads\/2025\/02\/Skol-och-foreningspaket-Bolley-scaled-1-100x100.jpg 100w, https:\/\/repleo.se\/wp-content\/uploads\/2025\/02\/Skol-och-foreningspaket-Bolley-scaled-1-150x150.jpg 150w\" sizes=\"auto, (max-width: 324px) 100vw, 324px\" \/><\/div>\n\t\t\t\t\t<div class=\"wc-block-grid__product-title\">Skol &amp; f\u00f6reningspaket: Bolley<\/div>\n\t\t\t\t<\/a>\n\t\t\t\t<div class=\"wc-block-grid__product-price price\"><span class=\"woocommerce-Price-amount amount\">3097,00&nbsp;<span class=\"woocommerce-Price-currencySymbol\">&#107;&#114;<\/span><\/span><\/div>\n\t\t\t\t\n\t\t\t\t<div class=\"wp-block-button wc-block-grid__product-add-to-cart\"><a href=\"\/index.php\/wp-json\/wp\/v2\/pages\/8?add-to-cart=81\" aria-label=\"L\u00e4gg till i varukorgen: \u201dSkol &amp; f\u00f6reningspaket: Bolley\u201d\" data-quantity=\"1\" data-product_id=\"81\" data-product_sku=\"\" data-price=\"3097\" rel=\"nofollow\" class=\"wp-block-button__link  add_to_cart_button ajax_add_to_cart\">L\u00e4gg till i varukorg<\/a><\/div>\n\t\t\t<\/li><li class=\"wc-block-grid__product\">\n\t\t\t\t<a href=\"https:\/\/repleo.se\/index.php\/produkt\/reservlina-2st-bolley-220cm-lina\/\" class=\"wc-block-grid__product-link\">\n\t\t\t\t\t\n\t\t\t\t\t<div class=\"wc-block-grid__product-image\"><img loading=\"lazy\" decoding=\"async\" width=\"324\" height=\"324\" src=\"https:\/\/repleo.se\/wp-content\/uploads\/2025\/02\/Reservlinor-2st-Bolley-324x324.png\" class=\"attachment-woocommerce_thumbnail size-woocommerce_thumbnail\" alt=\"Reservlina 2st, Bolley (220cm\/lina)\" srcset=\"https:\/\/repleo.se\/wp-content\/uploads\/2025\/02\/Reservlinor-2st-Bolley-324x324.png 324w, https:\/\/repleo.se\/wp-content\/uploads\/2025\/02\/Reservlinor-2st-Bolley-100x100.png 100w, https:\/\/repleo.se\/wp-content\/uploads\/2025\/02\/Reservlinor-2st-Bolley-150x150.png 150w\" sizes=\"auto, (max-width: 324px) 100vw, 324px\" \/><\/div>\n\t\t\t\t\t<div class=\"wc-block-grid__product-title\">Reservlina 2st, Bolley (220cm\/lina)<\/div>\n\t\t\t\t<\/a>\n\t\t\t\t<div class=\"wc-block-grid__product-price price\"><span class=\"woocommerce-Price-amount amount\">47,00&nbsp;<span class=\"woocommerce-Price-currencySymbol\">&#107;&#114;<\/span><\/span><\/div>\n\t\t\t\t\n\t\t\t\t<div class=\"wp-block-button wc-block-grid__product-add-to-cart\"><a href=\"\/index.php\/wp-json\/wp\/v2\/pages\/8?add-to-cart=80\" aria-label=\"L\u00e4gg till i varukorgen: \u201dReservlina 2st, Bolley (220cm\/lina)\u201d\" data-quantity=\"1\" data-product_id=\"80\" data-product_sku=\"\" data-price=\"47\" rel=\"nofollow\" class=\"wp-block-button__link  add_to_cart_button ajax_add_to_cart\">L\u00e4gg till i varukorg<\/a><\/div>\n\t\t\t<\/li><li class=\"wc-block-grid__product\">\n\t\t\t\t<a href=\"https:\/\/repleo.se\/index.php\/produkt\/extra-kardborre-forlimmade-3st-till-bolley-5x8cm\/\" class=\"wc-block-grid__product-link\">\n\t\t\t\t\t\n\t\t\t\t\t<div class=\"wc-block-grid__product-image\"><img loading=\"lazy\" decoding=\"async\" width=\"324\" height=\"324\" src=\"https:\/\/repleo.se\/wp-content\/uploads\/2025\/02\/Extra-kardborre-forlimmade-3st.-Till-Bolley-5x8-cm-324x324.png\" class=\"attachment-woocommerce_thumbnail size-woocommerce_thumbnail\" alt=\"Extra kardborre, f\u00f6rlimmade 3st. (Till Bolley 5x8cm)\" srcset=\"https:\/\/repleo.se\/wp-content\/uploads\/2025\/02\/Extra-kardborre-forlimmade-3st.-Till-Bolley-5x8-cm-324x324.png 324w, https:\/\/repleo.se\/wp-content\/uploads\/2025\/02\/Extra-kardborre-forlimmade-3st.-Till-Bolley-5x8-cm-100x100.png 100w, https:\/\/repleo.se\/wp-content\/uploads\/2025\/02\/Extra-kardborre-forlimmade-3st.-Till-Bolley-5x8-cm-150x150.png 150w\" sizes=\"auto, (max-width: 324px) 100vw, 324px\" \/><\/div>\n\t\t\t\t\t<div class=\"wc-block-grid__product-title\">Extra kardborre, f\u00f6rlimmade 3st. (Till Bolley 5x8cm)<\/div>\n\t\t\t\t<\/a>\n\t\t\t\t<div class=\"wc-block-grid__product-price price\"><span class=\"woocommerce-Price-amount amount\">63,00&nbsp;<span class=\"woocommerce-Price-currencySymbol\">&#107;&#114;<\/span><\/span><\/div>\n\t\t\t\t\n\t\t\t\t<div class=\"wp-block-button wc-block-grid__product-add-to-cart\"><a href=\"\/index.php\/wp-json\/wp\/v2\/pages\/8?add-to-cart=79\" aria-label=\"L\u00e4gg till i varukorgen: \u201dExtra kardborre, f\u00f6rlimmade 3st. (Till Bolley 5x8cm)\u201d\" data-quantity=\"1\" data-product_id=\"79\" data-product_sku=\"\" data-price=\"63\" rel=\"nofollow\" class=\"wp-block-button__link  add_to_cart_button ajax_add_to_cart\">L\u00e4gg till i varukorg<\/a><\/div>\n\t\t\t<\/li><\/ul><\/div><\/div>\n<\/div>\n","protected":false},"excerpt":{"rendered":"","protected":false},"author":1,"featured_media":0,"parent":0,"menu_order":0,"comment_status":"closed","ping_status":"closed","template":"","meta":{"footnotes":""},"class_list":["post-8","page","type-page","status-publish","hentry"],"jetpack_sharing_enabled":true,"_links":{"self":[{"href":"https:\/\/repleo.se\/index.php\/wp-json\/wp\/v2\/pages\/8","targetHints":{"allow":["GET"]}}],"collection":[{"href":"https:\/\/repleo.se\/index.php\/wp-json\/wp\/v2\/pages"}],"about":[{"href":"https:\/\/repleo.se\/index.php\/wp-json\/wp\/v2\/types\/page"}],"author":[{"embeddable":true,"href":"https:\/\/repleo.se\/index.php\/wp-json\/wp\/v2\/users\/1"}],"replies":[{"embeddable":true,"href":"https:\/\/repleo.se\/index.php\/wp-json\/wp\/v2\/comments?post=8"}],"version-history":[{"count":1,"href":"https:\/\/repleo.se\/index.php\/wp-json\/wp\/v2\/pages\/8\/revisions"}],"predecessor-version":[{"id":60,"href":"https:\/\/repleo.se\/index.php\/wp-json\/wp\/v2\/pages\/8\/revisions\/60"}],"wp:attachment":[{"href":"https:\/\/repleo.se\/index.php\/wp-json\/wp\/v2\/media?parent=8"}],"curies":[{"name":"wp","href":"https:\/\/api.w.org\/{rel}","templated":true}]}}